{"id":8,"date":"2020-05-15T17:29:12","date_gmt":"2020-05-15T17:29:12","guid":{"rendered":"http:\/\/isabelparraphotography.com\/?page_id=8"},"modified":"2020-05-21T15:22:34","modified_gmt":"2020-05-21T15:22:34","slug":"contacto","status":"publish","type":"page","link":"https:\/\/isabelparraphotography.com\/index.php\/contacto\/","title":{"rendered":"Contacto"},"content":{"rendered":"\n<p>Hola, si estas interesado\/a en cualquiera de mis fotograf\u00edas, o te apetece contratar mis servicios, escr\u00edbeme. Estar\u00e9 encantada de hablar contigo \ud83d\ude42<\/p>\n\n\n\n<p><\/p>\n\n\n\n<p><\/p>\n\n\n\n<pre class=\"wp-block-preformatted\"><strong>info@isabelparraphotography.com<\/strong><\/pre>\n\n\n\n<p class=\"has-normal-font-size\"><\/p>\n","protected":false},"excerpt":{"rendered":"<p>Hola, si estas interesado\/a en cualquiera de mis fotograf\u00edas, o te apetece contratar mis servicios, escr\u00edbeme. Estar\u00e9 encantada de hablar contigo \ud83d\ude42 info@isabelparraphotography.com<\/p>\n","protected":false},"author":1,"featured_media":0,"parent":0,"menu_order":0,"comment_status":"closed","ping_status":"closed","template":"","meta":[],"_links":{"self":[{"href":"https:\/\/isabelparraphotography.com\/index.php\/wp-json\/wp\/v2\/pages\/8"}],"collection":[{"href":"https:\/\/isabelparraphotography.com\/index.php\/wp-json\/wp\/v2\/pages"}],"about":[{"href":"https:\/\/isabelparraphotography.com\/index.php\/wp-json\/wp\/v2\/types\/page"}],"author":[{"embeddable":true,"href":"https:\/\/isabelparraphotography.com\/index.php\/wp-json\/wp\/v2\/users\/1"}],"replies":[{"embeddable":true,"href":"https:\/\/isabelparraphotography.com\/index.php\/wp-json\/wp\/v2\/comments?post=8"}],"version-history":[{"count":9,"href":"https:\/\/isabelparraphotography.com\/index.php\/wp-json\/wp\/v2\/pages\/8\/revisions"}],"predecessor-version":[{"id":422,"href":"https:\/\/isabelparraphotography.com\/index.php\/wp-json\/wp\/v2\/pages\/8\/revisions\/422"}],"wp:attachment":[{"href":"https:\/\/isabelparraphotography.com\/index.php\/wp-json\/wp\/v2\/media?parent=8"}],"curies":[{"name":"wp","href":"https:\/\/api.w.org\/{rel}","templated":true}]}}