{"id":7,"date":"2020-05-15T17:29:12","date_gmt":"2020-05-15T17:29:12","guid":{"rendered":"http:\/\/isabelparraphotography.com\/?page_id=7"},"modified":"2020-05-21T09:46:27","modified_gmt":"2020-05-21T09:46:27","slug":"acerca-de","status":"publish","type":"page","link":"https:\/\/isabelparraphotography.com\/index.php\/acerca-de\/","title":{"rendered":"Acerca de"},"content":{"rendered":"\n<p>Hola, soy Isa \ud83d\ude42<\/p>\n\n\n\n<p>Encantada de que te pases por mi casa y disfrutes de las galer\u00edas. Soy fot\u00f3grafa amateur, en continua evoluci\u00f3n y aprendiendo d\u00eda a d\u00eda.<\/p>\n\n\n\n<p>Trato de contar historias con mis fotograf\u00edas,  me encanta la fuerza de lo cotidiano y el lujo de captar eso que llamamos alma o esp\u00edritu. <\/p>\n\n\n\n<p>La mayor\u00eda de las veces lo tenemos tan cerca, que es invisible para nuestros ojos. <\/p>\n\n\n\n<p> Yo disparo cerrando los ojos y abriendo el objetivo \ud83d\ude09<\/p>\n","protected":false},"excerpt":{"rendered":"<p>Hola, soy Isa \ud83d\ude42 Encantada de que te pases por mi casa y disfrutes de las galer\u00edas. Soy fot\u00f3grafa amateur, en continua evoluci\u00f3n y aprendiendo d\u00eda a d\u00eda. Trato de contar historias con mis fotograf\u00edas, me encanta la fuerza de lo cotidiano y el lujo de captar eso que llamamos alma o esp\u00edritu. La mayor\u00eda &hellip; <\/p>\n<p class=\"link-more\"><a href=\"https:\/\/isabelparraphotography.com\/index.php\/acerca-de\/\" class=\"more-link\">Continuar leyendo<span class=\"screen-reader-text\"> \u00abAcerca de\u00bb<\/span><\/a><\/p>\n","protected":false},"author":1,"featured_media":0,"parent":0,"menu_order":0,"comment_status":"closed","ping_status":"closed","template":"","meta":[],"_links":{"self":[{"href":"https:\/\/isabelparraphotography.com\/index.php\/wp-json\/wp\/v2\/pages\/7"}],"collection":[{"href":"https:\/\/isabelparraphotography.com\/index.php\/wp-json\/wp\/v2\/pages"}],"about":[{"href":"https:\/\/isabelparraphotography.com\/index.php\/wp-json\/wp\/v2\/types\/page"}],"author":[{"embeddable":true,"href":"https:\/\/isabelparraphotography.com\/index.php\/wp-json\/wp\/v2\/users\/1"}],"replies":[{"embeddable":true,"href":"https:\/\/isabelparraphotography.com\/index.php\/wp-json\/wp\/v2\/comments?post=7"}],"version-history":[{"count":4,"href":"https:\/\/isabelparraphotography.com\/index.php\/wp-json\/wp\/v2\/pages\/7\/revisions"}],"predecessor-version":[{"id":410,"href":"https:\/\/isabelparraphotography.com\/index.php\/wp-json\/wp\/v2\/pages\/7\/revisions\/410"}],"wp:attachment":[{"href":"https:\/\/isabelparraphotography.com\/index.php\/wp-json\/wp\/v2\/media?parent=7"}],"curies":[{"name":"wp","href":"https:\/\/api.w.org\/{rel}","templated":true}]}}